{"id":370,"date":"2026-03-03T12:34:59","date_gmt":"2026-03-03T12:34:59","guid":{"rendered":"https:\/\/uj.landhausungarn.com\/?page_id=370"},"modified":"2026-03-26T07:59:39","modified_gmt":"2026-03-26T07:59:39","slug":"ingatlankezeles","status":"publish","type":"page","link":"https:\/\/landhausungarn.com\/hu\/szolgaltatasaink\/ingatlankezeles\/","title":{"rendered":"Ingatlankezel\u00e9s"},"content":{"rendered":"<div class=\"et_pb_section_0 et_pb_section et_section_regular et_flex_section\">\r\n<div class=\"et_pb_row_0 et_pb_row et_flex_row et_animated\">\r\n<div class=\"et_pb_column_0 et_pb_column et-last-child et_flex_column et_pb_css_mix_blend_mode_passthrough et_flex_column_24_24 et_flex_column_24_24_tablet et_flex_column_24_24_phone\">\r\n<div class=\"et_pb_heading_0 et_pb_heading et_pb_module et_flex_module\"><div class=\"et_pb_heading_container\"><h1 class=\"et_pb_module_header\">Ingatlankezel\u00e9s<\/h1><\/div><\/div>\r\n\r\n<div class=\"et_pb_text_0 et_pb_text et_pb_bg_layout_light et_pb_module et_block_module et_pb_text_align_center\"><div class=\"et_pb_text_inner\"><p>Gy\u0151r \u00e9s vonz\u00e1sk\u00f6rzet\u00e9ben<\/p>\n<\/div><\/div>\r\n<\/div>\r\n<\/div>\r\n<\/div>\r\n\r\n<div class=\"et_pb_section_1 et_pb_section et_section_regular et_block_section\">\r\n<div class=\"et_pb_row_1 et_pb_row et_flex_row et_animated\">\r\n<div class=\"et_pb_column_1 et_pb_column et_flex_column et_pb_css_mix_blend_mode_passthrough et_flex_column_12_24 et_flex_column_24_24_tablet et_flex_column_24_24_phone\">\r\n<div class=\"et_pb_image_0 et_pb_image et_pb_module et_flex_module\"><span class=\"et_pb_image_wrap\"><img loading=\"lazy\" decoding=\"async\" src=\"https:\/\/landhausungarn.com\/wp-content\/uploads\/2026\/03\/landhausungarn_ingatlankezeles.webp\" title=\"landhausungarn_ingatlankezeles\" width=\"2560\" height=\"1706\" srcset=\"https:\/\/landhausungarn.com\/wp-content\/uploads\/2026\/03\/landhausungarn_ingatlankezeles.webp 2560w, https:\/\/landhausungarn.com\/wp-content\/uploads\/2026\/03\/landhausungarn_ingatlankezeles-1280x853.webp 1280w, https:\/\/landhausungarn.com\/wp-content\/uploads\/2026\/03\/landhausungarn_ingatlankezeles-980x653.webp 980w, https:\/\/landhausungarn.com\/wp-content\/uploads\/2026\/03\/landhausungarn_ingatlankezeles-480x320.webp 480w\" sizes=\"(min-width: 0px) and (max-width: 480px) 480px, (min-width: 481px) and (max-width: 980px) 980px, (min-width: 981px) and (max-width: 1280px) 1280px, (min-width: 1281px) 2560px, 100vw\" class=\"wp-image-387\" \/><\/span><\/div>\r\n<\/div>\r\n\r\n<div class=\"et_pb_column_2 et_pb_column et-last-child et_flex_column et_pb_css_mix_blend_mode_passthrough et_flex_column_12_24 et_flex_column_24_24_tablet et_flex_column_24_24_phone\">\r\n<div class=\"et_pb_text_1 et_pb_text et_pb_bg_layout_light et_pb_module et_block_module\"><div class=\"et_pb_text_inner\"><p><strong>Ingatlankezel\u00e9s csal\u00e1di h\u00e1zakra szabva \u2013 ha \u00d6n t\u00e1vol van, de az otthona k\u00f6zel maradna<\/strong><\/p>\n<p>Ezt a szolg\u00e1ltat\u00e1st azoknak aj\u00e1nlom, akik k\u00fclf\u00f6ld\u00f6n tart\u00f3zkodnak<br \/>vid\u00e9ken \u00e9lnek vagy t\u00f6bb ingatlannal rendelkeznek, \u00e9s nincs idej\u00fck a napi \u00fcgyint\u00e9z\u00e9sre, fel\u00fcgyeletre.<\/p>\n<p>Fontos tudnival\u00f3: Ingatlankezel\u00e9st kiz\u00e1r\u00f3lag mag\u00e1ntulajdon\u00fa csal\u00e1di h\u00e1zak eset\u00e9ben v\u00e1llalok, \u00e9s csak Gy\u0151rben \u00e9s 50 km-es k\u00f6rzet\u00e9ben\u00a0 min\u0151s\u00e9gi, megb\u00edzhat\u00f3 szolg\u00e1ltat\u00e1sk\u00e9nt, nem t\u00f6megkezel\u00e9sben.<\/p>\n<p><strong>Mit tudok ny\u00fajtani?<\/strong><\/p>\n<p>Kulcskezel\u00e9s, helysz\u00edni jelenl\u00e9t Kisebb-nagyobb karbantart\u00e1si munk\u00e1k megszervez\u00e9se Kert\u00e9sz, villanyszerel\u0151, v\u00edzvezet\u00e9k-szerel\u0151 k\u00f6zvet\u00edt\u00e9se Id\u0151pontok egyeztet\u00e9se, ingatlanfel\u00fcgyelet Kommunik\u00e1ci\u00f3 \u00e9s \u00fcgyint\u00e9z\u00e9s n\u00e9met nyelven is.<\/p>\n<\/div><\/div>\r\n<\/div>\r\n<\/div>\r\n\r\n<div class=\"et_pb_row_2 et_pb_row et_flex_row et_animated\">\r\n<div class=\"et_pb_column_3 et_pb_column et_flex_column et_pb_css_mix_blend_mode_passthrough et_flex_column_12_24 et_flex_column_24_24_tablet et_flex_column_24_24_phone\">\r\n<div class=\"et_pb_text_2 et_pb_text et_pb_bg_layout_light et_pb_module et_block_module\"><div class=\"et_pb_text_inner\"><p><strong>Mi\u00e9rt engem v\u00e1lasszon?<\/strong><\/p>\n<p>Mert 25 \u00e9ve vagyok jelen az ingatlanpiacon mert n\u00e9met nyelven is otthonosan mozgok \u00e9s mert pontosan tudom, milyen \u00e9rz\u00e9s, amikor egy ingatlan \u201eott van\u201d, de a gazd\u00e1ja nincs jelen \u2013 csak a sz\u00edve maradt ott. \u00c9n ebben seg\u00edtek<\/p>\n<p>\ufe0fN\u00e1lam az otthona biztons\u00e1gban van \u2013 \u00d6n pedig nyugodtan alhat, b\u00e1rhol is legyen a vil\u00e1gban<\/p>\n<p><em>Lux Cec\u00edlia<\/em><br \/><em>Ingatlank\u00f6zvet\u00edt\u0151 &amp; ingatlankezel\u0151<\/em><br \/><em>www.landhausungarn.com<\/em><\/p>\n<\/div><\/div>\r\n<\/div>\r\n\r\n<div class=\"et_pb_column_4 et_pb_column et-last-child et_flex_column et_pb_css_mix_blend_mode_passthrough et_flex_column_12_24 et_flex_column_24_24_tablet et_flex_column_24_24_phone\">\r\n<div class=\"et_pb_image_1 et_pb_image et_pb_module et_flex_module\"><span class=\"et_pb_image_wrap\"><img loading=\"lazy\" decoding=\"async\" src=\"https:\/\/landhausungarn.com\/wp-content\/uploads\/2026\/02\/landhausungarn_nyitokep_1.jpg\" title=\"landhausungarn_nyitokep_1\" width=\"1100\" height=\"672\" srcset=\"https:\/\/landhausungarn.com\/wp-content\/uploads\/2026\/02\/landhausungarn_nyitokep_1.jpg 1100w, https:\/\/landhausungarn.com\/wp-content\/uploads\/2026\/02\/landhausungarn_nyitokep_1-980x599.jpg 980w, https:\/\/landhausungarn.com\/wp-content\/uploads\/2026\/02\/landhausungarn_nyitokep_1-480x293.jpg 480w\" sizes=\"(min-width: 0px) and (max-width: 480px) 480px, (min-width: 481px) and (max-width: 980px) 980px, (min-width: 981px) 1100px, 100vw\" class=\"wp-image-142\" \/><\/span><\/div>\r\n<\/div>\r\n<\/div>\r\n<\/div>\r\n\r\n<div class=\"et_pb_section_2 et_pb_section et_section_regular et_flex_section\">\r\n<div class=\"et_pb_row_3 et_pb_row et_flex_row\"><div class=\"et_pb_column_5 et_pb_column et_flex_column et_pb_css_mix_blend_mode_passthrough et_flex_column_12_24 et_flex_column_12_24_tablet et_flex_column_24_24_phone\"><div class=\"et_pb_contact_form_0 et_pb_contact_form_container clearfix et_pb_recaptcha_enabled et_pb_module et_flex_module de-contact-form\" data-form_unique_num=\"0\" data-form_unique_id=\"7067d836e5cc6b8d0df5f1ee01accc26\" id=\"et_pb_contact_form_7067d836e5cc6b8d0df5f1ee01accc26\"><div class=\"et-pb-contact-message\"><\/div><div class=\"et_pb_contact\"><form class=\"et_pb_contact_form et_flex_module\" method=\"post\" action=\"https:\/\/landhausungarn.com\/hu\/wp-json\/wp\/v2\/pages\/370\"><div class=\"et_pb_contact_field_0 et_pb_contact_field et_pb_module et_flex_module et_flex_column_24_24 et_flex_column_24_24_tablet et_flex_column_24_24_phone\" data-id=\"name\" data-type=\"input\"><label class=\"et_pb_contact_form_label\" for=\"et_pb_contact_0_name_0\">N\u00e9v<\/label><input type=\"text\" name=\"et_pb_contact_0_name_0\" id=\"et_pb_contact_0_name_0\" class=\"input\" data-required_mark=\"required\" data-field_type=\"input\" data-original_id=\"name\" placeholder=\"N\u00e9v\" title=\"\" value=\"\" \/><\/div><div class=\"et_pb_contact_field_1 et_pb_contact_field et_pb_module et_flex_module et_flex_column_24_24 et_flex_column_24_24_tablet et_flex_column_24_24_phone\" data-id=\"email\" data-type=\"email\"><label class=\"et_pb_contact_form_label\" for=\"et_pb_contact_0_email_1\">Email c\u00edm<\/label><input type=\"text\" name=\"et_pb_contact_0_email_1\" id=\"et_pb_contact_0_email_1\" class=\"input\" data-required_mark=\"required\" data-field_type=\"email\" data-original_id=\"email\" placeholder=\"Email c\u00edm\" title=\"\" value=\"\" \/><\/div><div class=\"et_pb_contact_field_2 et_pb_contact_field et_pb_module et_flex_module et_flex_column_24_24 et_flex_column_24_24_tablet et_flex_column_24_24_phone\" data-id=\"location\" data-type=\"input\"><label class=\"et_pb_contact_form_label\" for=\"et_pb_contact_0_location_2\">Hol tal\u00e1lhat\u00f3 az ingatlan?<\/label><input type=\"text\" name=\"et_pb_contact_0_location_2\" id=\"et_pb_contact_0_location_2\" class=\"input\" data-required_mark=\"required\" data-field_type=\"input\" data-original_id=\"location\" placeholder=\"Hol tal\u00e1lhat\u00f3 az ingatlan?\" title=\"\" value=\"\" \/><\/div><div class=\"et_pb_contact_field_3 et_pb_contact_field et_pb_module et_flex_module et_flex_column_24_24 et_flex_column_24_24_tablet et_flex_column_24_24_phone\" data-id=\"phone\" data-type=\"input\"><label class=\"et_pb_contact_form_label\" for=\"et_pb_contact_0_phone_3\">Telefonsz\u00e1m<\/label><input type=\"text\" name=\"et_pb_contact_0_phone_3\" id=\"et_pb_contact_0_phone_3\" class=\"input\" data-required_mark=\"not_required\" data-field_type=\"input\" data-original_id=\"phone\" placeholder=\"Telefonsz\u00e1m\" title=\"\" value=\"\" \/><\/div><div class=\"et_pb_contact_field_4 et_pb_contact_field et_pb_module et_flex_module et_flex_column_24_24 et_flex_column_24_24_tablet et_flex_column_24_24_phone\" data-id=\"message\" data-type=\"text\"><label class=\"et_pb_contact_form_label\" for=\"et_pb_contact_0_message_4\">\u00dczenet<\/label><textarea name=\"et_pb_contact_0_message_4\" id=\"et_pb_contact_0_message_4\" class=\"et_pb_contact_message input\" data-required_mark=\"required\" data-field_type=\"text\" data-original_id=\"message\" placeholder=\"\u00dczenet\"><\/textarea><\/div><input type=\"hidden\" name=\"et_pb_contactform_submit_7067d836e5cc6b8d0df5f1ee01accc26\" value=\"et_contact_proccess\" \/><div class=\"et_contact_bottom_container\"><div class=\"et_pb_button_wrapper\"><button type=\"submit\" name=\"et_builder_submit_button\" class=\"et_pb_button et_pb_contact_submit\">K\u00fcld\u00e9s<\/button><\/div><\/div><input type=\"hidden\" id=\"_wpnonce-et-pb-contact-form-submitted-7067d836e5cc6b8d0df5f1ee01accc26\" name=\"_wpnonce-et-pb-contact-form-submitted-7067d836e5cc6b8d0df5f1ee01accc26\" value=\"c7be5c564f\" \/><input type=\"hidden\" name=\"_wp_http_referer\" value=\"\/hu\/wp-json\/wp\/v2\/pages\/370\" \/><\/form><\/div><\/div><\/div><div class=\"et_pb_column_6 et_pb_column et-last-child et_flex_column et_pb_css_mix_blend_mode_passthrough et_flex_column_12_24 et_flex_column_12_24_tablet et_flex_column_24_24_phone\"><div class=\"et_pb_image_2 et_pb_image et_pb_module et_flex_module\"><span class=\"et_pb_image_wrap\"><img loading=\"lazy\" decoding=\"async\" src=\"https:\/\/landhausungarn.com\/wp-content\/uploads\/2026\/02\/landhaus_logo_bg.png\" title=\"landhaus_logo_bg\" width=\"916\" height=\"466\" srcset=\"https:\/\/landhausungarn.com\/wp-content\/uploads\/2026\/02\/landhaus_logo_bg.png 916w, https:\/\/landhausungarn.com\/wp-content\/uploads\/2026\/02\/landhaus_logo_bg-480x244.png 480w\" sizes=\"(min-width: 0px) and (max-width: 480px) 480px, (min-width: 481px) 916px, 100vw\" class=\"wp-image-175\" \/><\/span><\/div><\/div><\/div>\r\n<\/div>\r\n\r\n<div class=\"et_pb_section_3 et_pb_section et_section_regular et_block_section\"><div class=\"et_pb_row_4 et_pb_row et_block_row\"><div class=\"et_pb_column_7 et_pb_column et_pb_column_1_2 et_block_column et_pb_css_mix_blend_mode_passthrough\"><div class=\"et_pb_blurb_0 et_pb_blurb et_pb_bg_layout_dark et_pb_blurb_position_left et_pb_module et_block_module\"><div class=\"et_pb_blurb_content\"><div class=\"et_pb_main_blurb_image\"><span class=\"et_pb_image_wrap\"><span class=\"et-pb-icon et-waypoint et_pb_animation_top et_pb_animation_top_tablet et_pb_animation_top_phone\">\ue090<\/span><\/span><\/div><div class=\"et_pb_blurb_container\"><h4 class=\"et_pb_module_header\">Telefonsz\u00e1m<\/h4><div class=\"et_pb_blurb_description\"><p><a href=\"tel:+36706011010\">+36 70 601 10 10<\/a><\/p>\n<\/div><\/div><\/div><\/div><div class=\"et_pb_blurb_1 et_pb_blurb et_pb_bg_layout_dark et_pb_blurb_position_left et_pb_module et_block_module\"><div class=\"et_pb_blurb_content\"><div class=\"et_pb_main_blurb_image\"><span class=\"et_pb_image_wrap\"><span class=\"et-pb-icon et-waypoint et_pb_animation_top et_pb_animation_top_tablet et_pb_animation_top_phone\">\uf0e0<\/span><\/span><\/div><div class=\"et_pb_blurb_container\"><h4 class=\"et_pb_module_header\">Email<\/h4><div class=\"et_pb_blurb_description\"><p><a href=\"mailto:info@landhausungarn.com\">info@landhausungarn.com<\/a><\/p>\n<\/div><\/div><\/div><\/div><\/div><div class=\"et_pb_column_8 et_pb_column et_pb_column_1_2 et-last-child et_block_column et_pb_column_empty et_pb_css_mix_blend_mode_passthrough\"><\/div><\/div><\/div>","protected":false},"excerpt":{"rendered":"","protected":false},"author":1,"featured_media":0,"parent":345,"menu_order":0,"comment_status":"closed","ping_status":"closed","template":"","meta":{"_acf_changed":false,"footnotes":""},"class_list":["post-370","page","type-page","status-publish","hentry"],"acf":[],"_links":{"self":[{"href":"https:\/\/landhausungarn.com\/hu\/wp-json\/wp\/v2\/pages\/370","targetHints":{"allow":["GET"]}}],"collection":[{"href":"https:\/\/landhausungarn.com\/hu\/wp-json\/wp\/v2\/pages"}],"about":[{"href":"https:\/\/landhausungarn.com\/hu\/wp-json\/wp\/v2\/types\/page"}],"author":[{"embeddable":true,"href":"https:\/\/landhausungarn.com\/hu\/wp-json\/wp\/v2\/users\/1"}],"replies":[{"embeddable":true,"href":"https:\/\/landhausungarn.com\/hu\/wp-json\/wp\/v2\/comments?post=370"}],"version-history":[{"count":8,"href":"https:\/\/landhausungarn.com\/hu\/wp-json\/wp\/v2\/pages\/370\/revisions"}],"predecessor-version":[{"id":388,"href":"https:\/\/landhausungarn.com\/hu\/wp-json\/wp\/v2\/pages\/370\/revisions\/388"}],"up":[{"embeddable":true,"href":"https:\/\/landhausungarn.com\/hu\/wp-json\/wp\/v2\/pages\/345"}],"wp:attachment":[{"href":"https:\/\/landhausungarn.com\/hu\/wp-json\/wp\/v2\/media?parent=370"}],"curies":[{"name":"wp","href":"https:\/\/api.w.org\/{rel}","templated":true}]}}