{"id":389,"date":"2026-03-04T12:55:06","date_gmt":"2026-03-04T12:55:06","guid":{"rendered":"https:\/\/uj.landhausungarn.com\/?page_id=389"},"modified":"2026-03-26T07:57:55","modified_gmt":"2026-03-26T07:57:55","slug":"ertekbecsles","status":"publish","type":"page","link":"https:\/\/landhausungarn.com\/hu\/szolgaltatasaink\/ertekbecsles\/","title":{"rendered":"\u00c9rt\u00e9kbecsl\u00e9s"},"content":{"rendered":"<div class=\"et_pb_section_0 et_pb_section et_section_regular et_flex_section\">\r\n<div class=\"et_pb_row_0 et_pb_row et_flex_row et_animated\">\r\n<div class=\"et_pb_column_0 et_pb_column et-last-child et_flex_column et_pb_css_mix_blend_mode_passthrough et_flex_column_24_24 et_flex_column_24_24_tablet et_flex_column_24_24_phone\">\r\n<div class=\"et_pb_heading_0 et_pb_heading et_pb_module et_flex_module\"><div class=\"et_pb_heading_container\"><h1 class=\"et_pb_module_header\">\u00c9rt\u00e9kbecsl\u00e9s<\/h1><\/div><\/div>\r\n\r\n<div class=\"et_pb_text_0 et_pb_text et_pb_bg_layout_light et_pb_module et_block_module et_pb_text_align_center\"><div class=\"et_pb_text_inner\"><p>Gy\u0151r \u00e9s vonz\u00e1sk\u00f6rzet\u00e9ben<\/p>\n<\/div><\/div>\r\n<\/div>\r\n<\/div>\r\n<\/div>\r\n\r\n<div class=\"et_pb_section_1 et_pb_section et_section_regular et_block_section\">\r\n<div class=\"et_pb_row_1 et_pb_row et_flex_row et_animated\">\r\n<div class=\"et_pb_column_1 et_pb_column et_flex_column et_pb_css_mix_blend_mode_passthrough et_flex_column_12_24 et_flex_column_24_24_tablet et_flex_column_24_24_phone\">\r\n<div class=\"et_pb_image_0 et_pb_image et_pb_module et_flex_module\"><span class=\"et_pb_image_wrap\"><img loading=\"lazy\" decoding=\"async\" src=\"https:\/\/landhausungarn.com\/wp-content\/uploads\/2026\/03\/landhausungarn_ingatlan_ertekbecsles.webp\" title=\"landhausungarn_ingatlan_ertekbecsles\" width=\"1707\" height=\"2560\" srcset=\"https:\/\/landhausungarn.com\/wp-content\/uploads\/2026\/03\/landhausungarn_ingatlan_ertekbecsles.webp 1707w, https:\/\/landhausungarn.com\/wp-content\/uploads\/2026\/03\/landhausungarn_ingatlan_ertekbecsles-1280x1920.webp 1280w, https:\/\/landhausungarn.com\/wp-content\/uploads\/2026\/03\/landhausungarn_ingatlan_ertekbecsles-980x1470.webp 980w, https:\/\/landhausungarn.com\/wp-content\/uploads\/2026\/03\/landhausungarn_ingatlan_ertekbecsles-480x720.webp 480w\" sizes=\"(min-width: 0px) and (max-width: 480px) 480px, (min-width: 481px) and (max-width: 980px) 980px, (min-width: 981px) and (max-width: 1280px) 1280px, (min-width: 1281px) 1707px, 100vw\" class=\"wp-image-392\" \/><\/span><\/div>\r\n<\/div>\r\n\r\n<div class=\"et_pb_column_2 et_pb_column et-last-child et_flex_column et_pb_css_mix_blend_mode_passthrough et_flex_column_12_24 et_flex_column_24_24_tablet et_flex_column_24_24_phone\">\r\n<div class=\"et_pb_text_1 et_pb_text et_pb_bg_layout_light et_pb_module et_block_module\"><div class=\"et_pb_text_inner\"><p class=\"\" data-start=\"318\" data-end=\"368\" style=\"text-align: justify;\"><strong data-start=\"318\" data-end=\"368\">\u00c9rt\u00e9kbecsl\u00e9s \u2013 amikor biztosra akar menni<\/strong><\/p>\n<p class=\"\" data-start=\"370\" data-end=\"501\" style=\"text-align: justify;\">Gy\u00e1mhat\u00f3s\u00e1gi, \u00f6r\u00f6k\u00f6s\u00f6d\u00e9si, vagyonmegoszt\u00e1si vagy ingatlan ad\u00e1sv\u00e9teli \u00fcgye miatt van sz\u00fcks\u00e9ge \u00e9rt\u00e9kbecsl\u00e9sre? Akkor j\u00f3 helyen j\u00e1r.<\/p>\n<p class=\"\" data-start=\"503\" data-end=\"849\" style=\"text-align: justify;\"><strong data-start=\"503\" data-end=\"562\">Gy\u0151rben \u00e9s k\u00f6rny\u00e9k\u00e9n v\u00e1llalom ingatlanok \u00e9rt\u00e9kbecsl\u00e9s\u00e9t<\/strong>, t\u00f6bb mint 25 \u00e9ves szakmai tapasztalattal, v\u00e9gzetts\u00e9ggel, \u00e9s t\u00f6bb sz\u00e1z sikeresen lez\u00e1rult \u00e9rt\u00e9kes\u00edt\u00e9s tapasztalat\u00e1val a h\u00e1tam m\u00f6g\u00f6tt. Rendelkezem<span>\u00a0<\/span><strong data-start=\"713\" data-end=\"738\">nemzetk\u00f6zi r\u00e1l\u00e1t\u00e1ssal<\/strong>,<span>\u00a0<\/span><strong data-start=\"740\" data-end=\"766\">n\u00e9met nyelv\u0171 honlappal<\/strong>, \u00e9s<span>\u00a0<\/span><strong data-start=\"771\" data-end=\"794\">k\u00fclf\u00f6ldi vev\u0151k\u00f6rrel<\/strong><span>\u00a0<\/span>is \u2013 ez k\u00fcl\u00f6n el\u0151nyt jelent, ha elad\u00e1sban gondolkodik.<\/p>\n<p class=\"\" data-start=\"851\" data-end=\"869\" style=\"text-align: justify;\"><strong data-start=\"851\" data-end=\"869\">Kinek aj\u00e1nlom?<\/strong><\/p>\n<p>Azoknak, akik:<\/p>\n<ul>\n<li data-start=\"871\" data-end=\"1054\" style=\"text-align: justify;\">pontos, megb\u00edzhat\u00f3 \u00e9rt\u00e9ket szeretn\u00e9nek l\u00e1tni<\/li>\n<li data-start=\"871\" data-end=\"1054\" style=\"text-align: justify;\">korrekt vagyonmegoszt\u00e1st, \u00f6r\u00f6kl\u00e9st int\u00e9znek<\/li>\n<li data-start=\"871\" data-end=\"1054\" style=\"text-align: justify;\">ingatlant adn\u00e1nak el vagy venn\u00e9nek<\/li>\n<li data-start=\"871\" data-end=\"1054\" style=\"text-align: justify;\">tudatosan szeretn\u00e9nek d\u00f6nteni<\/li>\n<\/ul>\n<p class=\"\" data-start=\"1056\" data-end=\"1072\" style=\"text-align: justify;\"><strong data-start=\"1056\" data-end=\"1072\">Mit ny\u00fajtok?<\/strong><\/p>\n<ul>\n<li data-start=\"1074\" data-end=\"1324\" style=\"text-align: justify;\">\u00cdr\u00e1sos, tapasztalati alap\u00fa \u00e9rt\u00e9kbecsl\u00e9st<\/li>\n<li data-start=\"1074\" data-end=\"1324\" style=\"text-align: justify;\">Szem\u00e9lyes bej\u00e1r\u00e1ssal, helysz\u00edni szeml\u00e9vel<\/li>\n<li data-start=\"1074\" data-end=\"1324\" style=\"text-align: justify;\">Ig\u00e9ny eset\u00e9n<span>\u00a0<\/span><strong data-start=\"1180\" data-end=\"1227\">n\u00e9met nyelv\u0171 \u00e9rt\u00e9kbecsl\u00e9si \u00f6sszefoglal\u00f3t is<\/strong><br data-start=\"1227\" data-end=\"1230\" \/><strong data-start=\"1232\" data-end=\"1324\"><\/strong><\/li>\n<li data-start=\"1074\" data-end=\"1324\" style=\"text-align: justify;\"><strong data-start=\"1232\" data-end=\"1324\">Elad\u00e1s eset\u00e9n a hirdet\u00e9st k\u00fclf\u00f6ldi, n\u00e9met nyelv\u0171 oldalakon is k\u00f6lts\u00e9gmentesen biztos\u00edtom<\/strong><\/li>\n<\/ul>\n<p class=\"\" data-start=\"1326\" data-end=\"1496\" style=\"text-align: justify;\">Ez az a szolg\u00e1ltat\u00e1s, amit ma m\u00e1r csak korl\u00e1tozott sz\u00e1mban v\u00e1llalok, <strong data-start=\"1396\" data-end=\"1495\">de ha m\u00e9g v\u00e1llalok \u00faj megb\u00edz\u00e1st, biztos lehet benne, hogy sz\u00edvvel-l\u00e9lekkel fogok dolgozni rajta<\/strong>.<\/p>\n<\/div><\/div>\r\n<\/div>\r\n<\/div>\r\n\r\n<div class=\"et_pb_row_2 et_pb_row et_flex_row et_animated\">\r\n<div class=\"et_pb_column_3 et_pb_column et-last-child et_flex_column et_pb_css_mix_blend_mode_passthrough et_flex_column_24_24 et_flex_column_24_24_tablet et_flex_column_24_24_phone\">\r\n<div class=\"et_pb_module et_pb_button_module_wrapper et_pb_button_0_wrapper\"><a class=\"et_pb_button_0 et_pb_button et_pb_bg_layout_light et_pb_module et_flex_module\" href=\"https:\/\/landhausungarn.com\/hu\/kapcsolat\/\">\u00c9rdekl\u0151dj\u00f6n ingatlan \u00e9rt\u00e9kbecsl\u00e9si szolg\u00e1ltat\u00e1sunkkal kapcsolatban!<\/a><\/div>\r\n<\/div>\r\n<\/div>\r\n<\/div>\r\n\r\n<div class=\"et_pb_section_2 et_pb_section et_section_regular et_flex_section\">\r\n<div class=\"et_pb_row_3 et_pb_row et_flex_row\"><div class=\"et_pb_column_4 et_pb_column et_flex_column et_pb_css_mix_blend_mode_passthrough et_flex_column_12_24 et_flex_column_12_24_tablet et_flex_column_24_24_phone\"><div class=\"et_pb_contact_form_0 et_pb_contact_form_container clearfix et_pb_recaptcha_enabled et_pb_module et_flex_module de-contact-form\" data-form_unique_num=\"0\" data-form_unique_id=\"7067d836e5cc6b8d0df5f1ee01accc26\" id=\"et_pb_contact_form_7067d836e5cc6b8d0df5f1ee01accc26\"><div class=\"et-pb-contact-message\"><\/div><div class=\"et_pb_contact\"><form class=\"et_pb_contact_form et_flex_module\" method=\"post\" action=\"https:\/\/landhausungarn.com\/hu\/wp-json\/wp\/v2\/pages\/389\"><div class=\"et_pb_contact_field_0 et_pb_contact_field et_pb_module et_flex_module et_flex_column_24_24 et_flex_column_24_24_tablet et_flex_column_24_24_phone\" data-id=\"name\" data-type=\"input\"><label class=\"et_pb_contact_form_label\" for=\"et_pb_contact_0_name_0\">N\u00e9v<\/label><input type=\"text\" name=\"et_pb_contact_0_name_0\" id=\"et_pb_contact_0_name_0\" class=\"input\" data-required_mark=\"required\" data-field_type=\"input\" data-original_id=\"name\" placeholder=\"N\u00e9v\" title=\"\" value=\"\" \/><\/div><div class=\"et_pb_contact_field_1 et_pb_contact_field et_pb_module et_flex_module et_flex_column_24_24 et_flex_column_24_24_tablet et_flex_column_24_24_phone\" data-id=\"email\" data-type=\"email\"><label class=\"et_pb_contact_form_label\" for=\"et_pb_contact_0_email_1\">Email c\u00edm<\/label><input type=\"text\" name=\"et_pb_contact_0_email_1\" id=\"et_pb_contact_0_email_1\" class=\"input\" data-required_mark=\"required\" data-field_type=\"email\" data-original_id=\"email\" placeholder=\"Email c\u00edm\" title=\"\" value=\"\" \/><\/div><div class=\"et_pb_contact_field_2 et_pb_contact_field et_pb_module et_flex_module et_flex_column_24_24 et_flex_column_24_24_tablet et_flex_column_24_24_phone\" data-id=\"location\" data-type=\"input\"><label class=\"et_pb_contact_form_label\" for=\"et_pb_contact_0_location_2\">Hol tal\u00e1lhat\u00f3 az ingatlan?<\/label><input type=\"text\" name=\"et_pb_contact_0_location_2\" id=\"et_pb_contact_0_location_2\" class=\"input\" data-required_mark=\"required\" data-field_type=\"input\" data-original_id=\"location\" placeholder=\"Hol tal\u00e1lhat\u00f3 az ingatlan?\" title=\"\" value=\"\" \/><\/div><div class=\"et_pb_contact_field_3 et_pb_contact_field et_pb_module et_flex_module et_flex_column_24_24 et_flex_column_24_24_tablet et_flex_column_24_24_phone\" data-id=\"phone\" data-type=\"input\"><label class=\"et_pb_contact_form_label\" for=\"et_pb_contact_0_phone_3\">Telefonsz\u00e1m<\/label><input type=\"text\" name=\"et_pb_contact_0_phone_3\" id=\"et_pb_contact_0_phone_3\" class=\"input\" data-required_mark=\"not_required\" data-field_type=\"input\" data-original_id=\"phone\" placeholder=\"Telefonsz\u00e1m\" title=\"\" value=\"\" \/><\/div><div class=\"et_pb_contact_field_4 et_pb_contact_field et_pb_module et_flex_module et_flex_column_24_24 et_flex_column_24_24_tablet et_flex_column_24_24_phone\" data-id=\"message\" data-type=\"text\"><label class=\"et_pb_contact_form_label\" for=\"et_pb_contact_0_message_4\">\u00dczenet<\/label><textarea name=\"et_pb_contact_0_message_4\" id=\"et_pb_contact_0_message_4\" class=\"et_pb_contact_message input\" data-required_mark=\"required\" data-field_type=\"text\" data-original_id=\"message\" placeholder=\"\u00dczenet\"><\/textarea><\/div><input type=\"hidden\" name=\"et_pb_contactform_submit_7067d836e5cc6b8d0df5f1ee01accc26\" value=\"et_contact_proccess\" \/><div class=\"et_contact_bottom_container\"><div class=\"et_pb_button_wrapper\"><button type=\"submit\" name=\"et_builder_submit_button\" class=\"et_pb_button et_pb_contact_submit\">K\u00fcld\u00e9s<\/button><\/div><\/div><input type=\"hidden\" id=\"_wpnonce-et-pb-contact-form-submitted-7067d836e5cc6b8d0df5f1ee01accc26\" name=\"_wpnonce-et-pb-contact-form-submitted-7067d836e5cc6b8d0df5f1ee01accc26\" value=\"c7be5c564f\" \/><input type=\"hidden\" name=\"_wp_http_referer\" value=\"\/hu\/wp-json\/wp\/v2\/pages\/389\" \/><\/form><\/div><\/div><\/div><div class=\"et_pb_column_5 et_pb_column et-last-child et_flex_column et_pb_css_mix_blend_mode_passthrough et_flex_column_12_24 et_flex_column_12_24_tablet et_flex_column_24_24_phone\"><div class=\"et_pb_image_1 et_pb_image et_pb_module et_flex_module\"><span class=\"et_pb_image_wrap\"><img loading=\"lazy\" decoding=\"async\" src=\"https:\/\/landhausungarn.com\/wp-content\/uploads\/2026\/02\/landhaus_logo_bg.png\" title=\"landhaus_logo_bg\" width=\"916\" height=\"466\" srcset=\"https:\/\/landhausungarn.com\/wp-content\/uploads\/2026\/02\/landhaus_logo_bg.png 916w, https:\/\/landhausungarn.com\/wp-content\/uploads\/2026\/02\/landhaus_logo_bg-480x244.png 480w\" sizes=\"(min-width: 0px) and (max-width: 480px) 480px, (min-width: 481px) 916px, 100vw\" class=\"wp-image-175\" \/><\/span><\/div><\/div><\/div>\r\n<\/div>\r\n\r\n<div class=\"et_pb_section_3 et_pb_section et_section_regular et_block_section\"><div class=\"et_pb_row_4 et_pb_row et_block_row\"><div class=\"et_pb_column_6 et_pb_column et_pb_column_1_2 et_block_column et_pb_css_mix_blend_mode_passthrough\"><div class=\"et_pb_blurb_0 et_pb_blurb et_pb_bg_layout_dark et_pb_blurb_position_left et_pb_module et_block_module\"><div class=\"et_pb_blurb_content\"><div class=\"et_pb_main_blurb_image\"><span class=\"et_pb_image_wrap\"><span class=\"et-pb-icon et-waypoint et_pb_animation_top et_pb_animation_top_tablet et_pb_animation_top_phone\">\ue090<\/span><\/span><\/div><div class=\"et_pb_blurb_container\"><h4 class=\"et_pb_module_header\">Telefonsz\u00e1m<\/h4><div class=\"et_pb_blurb_description\"><p><a href=\"tel:+36706011010\">+36 70 601 10 10<\/a><\/p>\n<\/div><\/div><\/div><\/div><div class=\"et_pb_blurb_1 et_pb_blurb et_pb_bg_layout_dark et_pb_blurb_position_left et_pb_module et_block_module\"><div class=\"et_pb_blurb_content\"><div class=\"et_pb_main_blurb_image\"><span class=\"et_pb_image_wrap\"><span class=\"et-pb-icon et-waypoint et_pb_animation_top et_pb_animation_top_tablet et_pb_animation_top_phone\">\uf0e0<\/span><\/span><\/div><div class=\"et_pb_blurb_container\"><h4 class=\"et_pb_module_header\">Email<\/h4><div class=\"et_pb_blurb_description\"><p><a href=\"mailto:info@landhausungarn.com\">info@landhausungarn.com<\/a><\/p>\n<\/div><\/div><\/div><\/div><\/div><div class=\"et_pb_column_7 et_pb_column et_pb_column_1_2 et-last-child et_block_column et_pb_column_empty et_pb_css_mix_blend_mode_passthrough\"><\/div><\/div><\/div>","protected":false},"excerpt":{"rendered":"","protected":false},"author":1,"featured_media":0,"parent":345,"menu_order":0,"comment_status":"closed","ping_status":"closed","template":"","meta":{"_acf_changed":false,"footnotes":""},"class_list":["post-389","page","type-page","status-publish","hentry"],"acf":[],"_links":{"self":[{"href":"https:\/\/landhausungarn.com\/hu\/wp-json\/wp\/v2\/pages\/389","targetHints":{"allow":["GET"]}}],"collection":[{"href":"https:\/\/landhausungarn.com\/hu\/wp-json\/wp\/v2\/pages"}],"about":[{"href":"https:\/\/landhausungarn.com\/hu\/wp-json\/wp\/v2\/types\/page"}],"author":[{"embeddable":true,"href":"https:\/\/landhausungarn.com\/hu\/wp-json\/wp\/v2\/users\/1"}],"replies":[{"embeddable":true,"href":"https:\/\/landhausungarn.com\/hu\/wp-json\/wp\/v2\/comments?post=389"}],"version-history":[{"count":7,"href":"https:\/\/landhausungarn.com\/hu\/wp-json\/wp\/v2\/pages\/389\/revisions"}],"predecessor-version":[{"id":987500341,"href":"https:\/\/landhausungarn.com\/hu\/wp-json\/wp\/v2\/pages\/389\/revisions\/987500341"}],"up":[{"embeddable":true,"href":"https:\/\/landhausungarn.com\/hu\/wp-json\/wp\/v2\/pages\/345"}],"wp:attachment":[{"href":"https:\/\/landhausungarn.com\/hu\/wp-json\/wp\/v2\/media?parent=389"}],"curies":[{"name":"wp","href":"https:\/\/api.w.org\/{rel}","templated":true}]}}