{"id":987502226,"date":"2026-05-07T07:46:31","date_gmt":"2026-05-07T07:46:31","guid":{"rendered":"https:\/\/landhausungarn.com\/?page_id=987502226"},"modified":"2026-05-07T08:00:24","modified_gmt":"2026-05-07T08:00:24","slug":"kulcsrakesz-otthon-egy-kezben-minden","status":"publish","type":"page","link":"https:\/\/landhausungarn.com\/hu\/szolgaltatasaink\/kulcsrakesz-otthon-egy-kezben-minden\/","title":{"rendered":"Kulcsrak\u00e9sz otthon \u2013 egy k\u00e9zben minden"},"content":{"rendered":"<div class=\"et_pb_section_0 et_pb_section et_section_regular et_flex_section\">\n<div class=\"et_pb_row_0 et_pb_row et_flex_row et_animated\">\n<div class=\"et_pb_column_0 et_pb_column et-last-child et_flex_column et_pb_css_mix_blend_mode_passthrough et_flex_column_24_24 et_flex_column_24_24_tablet et_flex_column_24_24_phone\">\n<div class=\"et_pb_heading_0 et_pb_heading et_pb_module et_flex_module\"><div class=\"et_pb_heading_container\"><h1 class=\"et_pb_module_header\">Kulcsrak\u00e9sz otthon \u2013 egy k\u00e9zben minden<\/h1><\/div><\/div>\n<\/div>\n<\/div>\n<\/div>\n\n<div class=\"et_pb_section_1 et_pb_section et_section_regular et_block_section\">\n<div class=\"et_pb_row_1 et_pb_row et_flex_row et_animated\">\n<div class=\"et_pb_column_1 et_pb_column et_flex_column et_pb_css_mix_blend_mode_passthrough et_flex_column_12_24 et_flex_column_24_24_tablet et_flex_column_24_24_phone\">\n<div class=\"et_pb_image_0 et_pb_image et_pb_module et_flex_module\"><span class=\"et_pb_image_wrap\"><img loading=\"lazy\" decoding=\"async\" src=\"https:\/\/landhausungarn.com\/wp-content\/uploads\/2026\/05\/landhausungarn_kulcsrakesz_otthon.jpg\" title=\"landhausungarn_kulcsrakesz_otthon\" width=\"1254\" height=\"1254\" srcset=\"https:\/\/landhausungarn.com\/wp-content\/uploads\/2026\/05\/landhausungarn_kulcsrakesz_otthon.jpg 1254w, https:\/\/landhausungarn.com\/wp-content\/uploads\/2026\/05\/landhausungarn_kulcsrakesz_otthon-980x980.jpg 980w, https:\/\/landhausungarn.com\/wp-content\/uploads\/2026\/05\/landhausungarn_kulcsrakesz_otthon-480x480.jpg 480w\" sizes=\"(min-width: 0px) and (max-width: 480px) 480px, (min-width: 481px) and (max-width: 980px) 980px, (min-width: 981px) 1254px, 100vw\" class=\"wp-image-987502230\" \/><\/span><\/div>\n<\/div>\n\n<div class=\"et_pb_column_2 et_pb_column et-last-child et_flex_column et_pb_css_mix_blend_mode_passthrough et_flex_column_12_24 et_flex_column_24_24_tablet et_flex_column_24_24_phone\">\n<div class=\"et_pb_text_0 et_pb_text et_pb_bg_layout_light et_pb_module et_block_module\"><div class=\"et_pb_text_inner\"><p style=\"text-align: justify;\"><strong>Elad\u00f3 ingatlana van Gy\u0151rben vagy k\u00f6rny\u00e9k\u00e9n? Ne v\u00e1rjon tov\u00e1bb!<\/strong><\/p>\n<p style=\"text-align: justify;\">Legyen sz\u00f3 lak\u00e1sr\u00f3l, csal\u00e1di h\u00e1zr\u00f3l vagy nyaral\u00f3r\u00f3l \u2013 n\u00e1lunk az ingatlan nemcsak egy hirdet\u00e9s, hanem egy lehet\u0151s\u00e9g! 25 \u00e9ves szakmai tapasztalattal, k\u00e9tnyelv\u0171 hirdet\u00e9sekkel \u00e9s n\u00e9met nyelv\u0171 kapcsolatrendszerrel seg\u00edtem, hogy ingatlana ne csak itthon, hanem k\u00fclf\u00f6ld\u00f6n is l\u00e1that\u00f3 legyen.<\/p>\n<p style=\"text-align: justify;\">A n\u00e1lunk regisztr\u00e1lt ingatlanok magyar \u00e9s n\u00e9met nyelven is megjelennek \u2013 nemcsak hazai, hanem n\u00e9met ingatlanport\u00e1lokon \u00e9s k\u00f6z\u00f6ss\u00e9gi fel\u00fcleteken is.<br \/>Nincs rejtett k\u00f6lts\u00e9g \u2013 csak tiszta kommunik\u00e1ci\u00f3 \u00e9s teljes k\u00f6r\u0171 \u00fcgyint\u00e9z\u00e9s.<\/p>\n<p style=\"text-align: justify;\">R\u00e1ad\u00e1sul folyamatosan keresek elad\u00f3 ingatlanokat megb\u00edzhat\u00f3 n\u00e9met \u00e9s k\u00fclf\u00f6ldi vev\u0151k r\u00e9sz\u00e9re \u2013 akik m\u00e1r most Magyarorsz\u00e1g fel\u00e9 kacsingatnak, \u00faj \u00e9let rem\u00e9ny\u00e9ben.<\/p>\n<p style=\"text-align: justify;\">B\u00edzza r\u00e1m otthona t\u00f6rt\u00e9net\u00e9t \u2013 \u00e9n gondoskodom r\u00f3la, hogy a megfelel\u0151 kezekbe ker\u00fclj\u00f6n.<\/p>\n<\/div><\/div>\n<\/div>\n<\/div>\n\n<div class=\"et_pb_row_2 et_pb_row et_flex_row\">\n<div class=\"et_pb_column_3 et_pb_column et-last-child et_flex_column et_pb_css_mix_blend_mode_passthrough et_flex_column_24_24 et_flex_column_24_24_tablet et_flex_column_24_24_phone\">\n<div class=\"et_pb_gallery_0 et_pb_gallery et_pb_bg_layout_light et_pb_gallery_grid et_pb_module\" data-auto-rotate=\"off\" data-auto-rotate-speed=\"\"><div class=\"et_pb_gallery_items et_post_gallery clearfix et_grid_module\" data-per_page=\"6\"><div class=\"et_pb_gallery_item et_pb_grid_item et_pb_gallery_item_0_0\"><div class=\"et_pb_gallery_image landscape\" data-per_page=\"6\"><a href=\"https:\/\/landhausungarn.com\/wp-content\/uploads\/2026\/05\/xtavaszHundefreundlich-Pinnyed-Therme-RabaQuelle-LandhausApartman.png\" title=\"xtavaszHundefreundlich #Pinnyed #Therme #RabaQuelle #LandhausApartman\"><img loading=\"lazy\" decoding=\"async\" width=\"400\" height=\"284\" src=\"https:\/\/landhausungarn.com\/wp-content\/uploads\/2026\/05\/xtavaszHundefreundlich-Pinnyed-Therme-RabaQuelle-LandhausApartman-400x284.png\" alt=\"\" class=\"wp-image-987502206\" srcset=\"https:\/\/landhausungarn.com\/wp-content\/uploads\/2026\/05\/xtavaszHundefreundlich-Pinnyed-Therme-RabaQuelle-LandhausApartman.png 479w, https:\/\/landhausungarn.com\/wp-content\/uploads\/2026\/05\/xtavaszHundefreundlich-Pinnyed-Therme-RabaQuelle-LandhausApartman-400x284.png 480w\" sizes=\"(max-width:479px) 479px, 100vw\" \/><span class=\"et_overlay\" data-icon=\"\" data-icon-tablet=\"\" data-icon-phone=\"\"><\/span><\/a><\/div><\/div><div class=\"et_pb_gallery_item et_pb_grid_item et_pb_gallery_item_0_1\"><div class=\"et_pb_gallery_image landscape\" data-per_page=\"6\"><a href=\"https:\/\/landhausungarn.com\/wp-content\/uploads\/2026\/05\/landhaus-apartman-gyor-parkolas.png\" title=\"landhaus-apartman-gyor-parkolas\"><img loading=\"lazy\" decoding=\"async\" width=\"400\" height=\"284\" src=\"https:\/\/landhausungarn.com\/wp-content\/uploads\/2026\/05\/landhaus-apartman-gyor-parkolas-400x284.png\" alt=\"\" class=\"wp-image-987502207\" srcset=\"https:\/\/landhausungarn.com\/wp-content\/uploads\/2026\/05\/landhaus-apartman-gyor-parkolas.png 479w, https:\/\/landhausungarn.com\/wp-content\/uploads\/2026\/05\/landhaus-apartman-gyor-parkolas-400x284.png 480w\" sizes=\"(max-width:479px) 479px, 100vw\" \/><span class=\"et_overlay\" data-icon=\"\" data-icon-tablet=\"\" data-icon-phone=\"\"><\/span><\/a><\/div><\/div><div class=\"et_pb_gallery_item et_pb_grid_item et_pb_gallery_item_0_2\"><div class=\"et_pb_gallery_image landscape\" data-per_page=\"6\"><a href=\"https:\/\/landhausungarn.com\/wp-content\/uploads\/2026\/05\/23aApartmentGyor-Langzeitmiete-Monatsmiete.jpeg\" title=\"23a#ApartmentGy\u00f6r #Langzeitmiete #Monatsmiete\"><img loading=\"lazy\" decoding=\"async\" width=\"400\" height=\"284\" src=\"https:\/\/landhausungarn.com\/wp-content\/uploads\/2026\/05\/23aApartmentGyor-Langzeitmiete-Monatsmiete-400x284.jpeg\" alt=\"\" class=\"wp-image-987502208\" srcset=\"https:\/\/landhausungarn.com\/wp-content\/uploads\/2026\/05\/23aApartmentGyor-Langzeitmiete-Monatsmiete.jpeg 479w, https:\/\/landhausungarn.com\/wp-content\/uploads\/2026\/05\/23aApartmentGyor-Langzeitmiete-Monatsmiete-400x284.jpeg 480w\" sizes=\"(max-width:479px) 479px, 100vw\" \/><span class=\"et_overlay\" data-icon=\"\" data-icon-tablet=\"\" data-icon-phone=\"\"><\/span><\/a><\/div><\/div><div class=\"et_pb_gallery_item et_pb_grid_item et_pb_gallery_item_0_3\"><div class=\"et_pb_gallery_image landscape\" data-per_page=\"6\"><a href=\"https:\/\/landhausungarn.com\/wp-content\/uploads\/2026\/05\/11Hundefreundlich-Pinnyed-Therme-RabaQuelle-LandhausApartman.jpeg\" title=\"11Hundefreundlich #Pinnyed #Therme #RabaQuelle #LandhausApartman\"><img loading=\"lazy\" decoding=\"async\" width=\"400\" height=\"284\" src=\"https:\/\/landhausungarn.com\/wp-content\/uploads\/2026\/05\/11Hundefreundlich-Pinnyed-Therme-RabaQuelle-LandhausApartman-400x284.jpeg\" alt=\"\" class=\"wp-image-987502209\" srcset=\"https:\/\/landhausungarn.com\/wp-content\/uploads\/2026\/05\/11Hundefreundlich-Pinnyed-Therme-RabaQuelle-LandhausApartman.jpeg 479w, https:\/\/landhausungarn.com\/wp-content\/uploads\/2026\/05\/11Hundefreundlich-Pinnyed-Therme-RabaQuelle-LandhausApartman-400x284.jpeg 480w\" sizes=\"(max-width:479px) 479px, 100vw\" \/><span class=\"et_overlay\" data-icon=\"\" data-icon-tablet=\"\" data-icon-phone=\"\"><\/span><\/a><\/div><\/div><div class=\"et_pb_gallery_item et_pb_grid_item et_pb_gallery_item_0_4\"><div class=\"et_pb_gallery_image landscape\" data-per_page=\"6\"><a href=\"https:\/\/landhausungarn.com\/wp-content\/uploads\/2026\/05\/7Hundefreundlich-Pinnyed-Therme-RabaQuelle-LandhausApartman-scaled.jpg\" title=\"7Hundefreundlich #Pinnyed #Therme #RabaQuelle #LandhausApartman\"><img loading=\"lazy\" decoding=\"async\" width=\"400\" height=\"284\" src=\"https:\/\/landhausungarn.com\/wp-content\/uploads\/2026\/05\/7Hundefreundlich-Pinnyed-Therme-RabaQuelle-LandhausApartman-400x284.jpg\" alt=\"\" class=\"wp-image-987502210\" srcset=\"https:\/\/landhausungarn.com\/wp-content\/uploads\/2026\/05\/7Hundefreundlich-Pinnyed-Therme-RabaQuelle-LandhausApartman-scaled.jpg 479w, https:\/\/landhausungarn.com\/wp-content\/uploads\/2026\/05\/7Hundefreundlich-Pinnyed-Therme-RabaQuelle-LandhausApartman-400x284.jpg 480w\" sizes=\"(max-width:479px) 479px, 100vw\" \/><span class=\"et_overlay\" data-icon=\"\" data-icon-tablet=\"\" data-icon-phone=\"\"><\/span><\/a><\/div><\/div><div class=\"et_pb_gallery_item et_pb_grid_item et_pb_gallery_item_0_5\"><div class=\"et_pb_gallery_image landscape\" data-per_page=\"6\"><a href=\"https:\/\/landhausungarn.com\/wp-content\/uploads\/2026\/05\/21Hundefreundlich-Pinnyed-Therme-RabaQuelle-LandhausApartman-scaled.jpg\" title=\"21Hundefreundlich #Pinnyed #Therme #RabaQuelle #LandhausApartman\"><img loading=\"lazy\" decoding=\"async\" width=\"400\" height=\"284\" src=\"https:\/\/landhausungarn.com\/wp-content\/uploads\/2026\/05\/21Hundefreundlich-Pinnyed-Therme-RabaQuelle-LandhausApartman-400x284.jpg\" alt=\"\" class=\"wp-image-987502211\" srcset=\"https:\/\/landhausungarn.com\/wp-content\/uploads\/2026\/05\/21Hundefreundlich-Pinnyed-Therme-RabaQuelle-LandhausApartman-scaled.jpg 479w, https:\/\/landhausungarn.com\/wp-content\/uploads\/2026\/05\/21Hundefreundlich-Pinnyed-Therme-RabaQuelle-LandhausApartman-400x284.jpg 480w\" sizes=\"(max-width:479px) 479px, 100vw\" \/><span class=\"et_overlay\" data-icon=\"\" data-icon-tablet=\"\" data-icon-phone=\"\"><\/span><\/a><\/div><\/div><\/div><\/div>\n<\/div>\n<\/div>\n\n<div class=\"et_pb_row_3 et_pb_row et_flex_row et_animated\">\n<div class=\"et_pb_column_4 et_pb_column et-last-child et_flex_column et_pb_css_mix_blend_mode_passthrough et_flex_column_24_24 et_flex_column_24_24_tablet et_flex_column_24_24_phone\">\n<div class=\"et_pb_heading_1 et_pb_heading et_pb_module et_flex_module\"><div class=\"et_pb_heading_container\"><h1 class=\"et_pb_module_header\">Milyen t\u00edpus\u00fa ingatlanokkal foglalkozunk?<\/h1><\/div><\/div>\n\n<div class=\"et_pb_text_1 et_pb_text et_pb_bg_layout_light et_pb_module et_block_module et_pb_text_align_center\"><div class=\"et_pb_text_inner\"><p>Ha elad\u00f3 ingatlana van \u2013 mi megtal\u00e1ljuk hozz\u00e1 a megfelel\u0151 vev\u0151t.<\/p>\n<\/div><\/div>\n<\/div>\n<\/div>\n\n<div class=\"et_pb_row_4 et_pb_row et_flex_row et_animated\">\n<div class=\"et_pb_column_5 et_pb_column et_flex_column et_pb_css_mix_blend_mode_passthrough et_flex_column_12_24 et_flex_column_24_24_tablet et_flex_column_24_24_phone\">\n<div class=\"et_pb_text_2 et_pb_text et_pb_bg_layout_light et_pb_module et_block_module\"><div class=\"et_pb_text_inner\"><p style=\"text-align: justify;\">Legyen sz\u00f3 v\u00e1rosi lak\u00e1sr\u00f3l, vid\u00e9ki csal\u00e1di h\u00e1zr\u00f3l vagy balatoni nyaral\u00f3r\u00f3l \u2013 n\u00e1lunk minden otthon lehet\u0151s\u00e9g, \u00e9s minden lehet\u0151s\u00e9g egy \u00faj kezdet valakinek.<\/p>\n<p style=\"text-align: justify;\">\u00cdme, az ingatlant\u00edpusok, amelyeket \u00f6r\u00f6mmel k\u00f6zvet\u00edt\u00fcnk magyar \u00e9s n\u00e9met nyelven:<\/p>\n<ul>\n<li style=\"text-align: justify;\">T\u00e1rsash\u00e1zi lak\u00e1sok, sorh\u00e1zi ingatlanok<\/li>\n<li style=\"text-align: justify;\">Csal\u00e1di h\u00e1zak, ikerh\u00e1zak<\/li>\n<li style=\"text-align: justify;\">Panel lak\u00e1sok, panellak\u00e1sok elad\u00e1sa<\/li>\n<li style=\"text-align: justify;\">T\u00e9gla\u00e9p\u00edt\u00e9s\u0171 lak\u00e1sok, klasszikus polg\u00e1ri otthonok<\/li>\n<li style=\"text-align: justify;\">Z\u00e1rtkertek, kiskertek, hobbitelkek<\/li>\n<li style=\"text-align: justify;\">Nyaral\u00f3k, h\u00e9tv\u00e9gi h\u00e1zak, \u00fcd\u00fcl\u0151ingatlanok<\/li>\n<li style=\"text-align: justify;\">\u00dczleti c\u00e9l\u00fa ingatlanok, \u00fczlethelyis\u00e9gek, irod\u00e1k<\/li>\n<\/ul>\n<p style=\"text-align: justify;\">\ufe0fMindegyik t\u00edpushoz m\u00e1s vev\u0151t keres\u00fcnk \u2013 de a k\u00f6z\u00f6s benn\u00fck, hogy mi tudjuk, hol kell megtal\u00e1lni \u0151ket. Itthon \u00e9s n\u00e9met nyelvter\u00fcleten is.<\/p>\n<\/div><\/div>\n<\/div>\n\n<div class=\"et_pb_column_6 et_pb_column et-last-child et_flex_column et_pb_css_mix_blend_mode_passthrough et_flex_column_12_24 et_flex_column_24_24_tablet et_flex_column_24_24_phone\">\n<div class=\"et_pb_image_1 et_pb_image et_pb_module et_flex_module\"><span class=\"et_pb_image_wrap\"><img loading=\"lazy\" decoding=\"async\" src=\"https:\/\/landhausungarn.com\/wp-content\/uploads\/2026\/03\/landhausungarn_ingatlan_kozvetites_2.webp\" title=\"landhausungarn_ingatlan_kozvetites_2\" width=\"2560\" height=\"1707\" srcset=\"https:\/\/landhausungarn.com\/wp-content\/uploads\/2026\/03\/landhausungarn_ingatlan_kozvetites_2.webp 2560w, https:\/\/landhausungarn.com\/wp-content\/uploads\/2026\/03\/landhausungarn_ingatlan_kozvetites_2-1280x854.webp 1280w, https:\/\/landhausungarn.com\/wp-content\/uploads\/2026\/03\/landhausungarn_ingatlan_kozvetites_2-980x653.webp 980w, https:\/\/landhausungarn.com\/wp-content\/uploads\/2026\/03\/landhausungarn_ingatlan_kozvetites_2-480x320.webp 480w\" sizes=\"(min-width: 0px) and (max-width: 480px) 480px, (min-width: 481px) and (max-width: 980px) 980px, (min-width: 981px) and (max-width: 1280px) 1280px, (min-width: 1281px) 2560px, 100vw\" class=\"wp-image-364\" \/><\/span><\/div>\n<\/div>\n<\/div>\n\n<div class=\"et_pb_row_5 et_pb_row et_flex_row\">\n<div class=\"et_pb_column_7 et_pb_column et-last-child et_flex_column et_pb_css_mix_blend_mode_passthrough et_flex_column_24_24 et_flex_column_24_24_tablet et_flex_column_24_24_phone\">\n<div class=\"et_pb_module et_pb_button_module_wrapper et_pb_button_0_wrapper\"><a class=\"et_pb_button_0 et_pb_button et_pb_bg_layout_light et_animated et_pb_module et_flex_module\" href=\"https:\/\/landhausungarn.com\/hu\/ingatlanok\/\">Tekintse meg ingatlan k\u00edn\u00e1latunkat!<\/a><\/div>\n<\/div>\n<\/div>\n<\/div>\n\n<div class=\"et_pb_section_2 et_pb_section et_section_regular et_flex_section\">\n<div class=\"et_pb_row_6 et_pb_row et_flex_row\"><div class=\"et_pb_column_8 et_pb_column et_flex_column et_pb_css_mix_blend_mode_passthrough et_flex_column_12_24 et_flex_column_12_24_tablet et_flex_column_24_24_phone\"><div class=\"et_pb_contact_form_0 et_pb_contact_form_container clearfix et_pb_recaptcha_enabled et_pb_module et_flex_module de-contact-form\" data-form_unique_num=\"0\" data-form_unique_id=\"7067d836e5cc6b8d0df5f1ee01accc26\" id=\"et_pb_contact_form_7067d836e5cc6b8d0df5f1ee01accc26\"><div class=\"et-pb-contact-message\"><\/div><div class=\"et_pb_contact\"><form class=\"et_pb_contact_form et_flex_module\" method=\"post\" action=\"https:\/\/landhausungarn.com\/hu\/wp-json\/wp\/v2\/pages\/987502226\"><div class=\"et_pb_contact_field_0 et_pb_contact_field et_pb_module et_flex_module et_flex_column_24_24 et_flex_column_24_24_tablet et_flex_column_24_24_phone\" data-id=\"name\" data-type=\"input\"><label class=\"et_pb_contact_form_label\" for=\"et_pb_contact_0_name_0\">N\u00e9v<\/label><input type=\"text\" name=\"et_pb_contact_0_name_0\" id=\"et_pb_contact_0_name_0\" class=\"input\" data-required_mark=\"required\" data-field_type=\"input\" data-original_id=\"name\" placeholder=\"N\u00e9v\" title=\"\" value=\"\" \/><\/div><div class=\"et_pb_contact_field_1 et_pb_contact_field et_pb_module et_flex_module et_flex_column_24_24 et_flex_column_24_24_tablet et_flex_column_24_24_phone\" data-id=\"email\" data-type=\"email\"><label class=\"et_pb_contact_form_label\" for=\"et_pb_contact_0_email_1\">Email c\u00edm<\/label><input type=\"text\" name=\"et_pb_contact_0_email_1\" id=\"et_pb_contact_0_email_1\" class=\"input\" data-required_mark=\"required\" data-field_type=\"email\" data-original_id=\"email\" placeholder=\"Email c\u00edm\" title=\"\" value=\"\" \/><\/div><div class=\"et_pb_contact_field_2 et_pb_contact_field et_pb_module et_flex_module et_flex_column_24_24 et_flex_column_24_24_tablet et_flex_column_24_24_phone\" data-id=\"location\" data-type=\"input\"><label class=\"et_pb_contact_form_label\" for=\"et_pb_contact_0_location_2\">Hol tal\u00e1lhat\u00f3 az ingatlan?<\/label><input type=\"text\" name=\"et_pb_contact_0_location_2\" id=\"et_pb_contact_0_location_2\" class=\"input\" data-required_mark=\"required\" data-field_type=\"input\" data-original_id=\"location\" placeholder=\"Hol tal\u00e1lhat\u00f3 az ingatlan?\" title=\"\" value=\"\" \/><\/div><div class=\"et_pb_contact_field_3 et_pb_contact_field et_pb_module et_flex_module et_flex_column_24_24 et_flex_column_24_24_tablet et_flex_column_24_24_phone\" data-id=\"phone\" data-type=\"input\"><label class=\"et_pb_contact_form_label\" for=\"et_pb_contact_0_phone_3\">Telefonsz\u00e1m<\/label><input type=\"text\" name=\"et_pb_contact_0_phone_3\" id=\"et_pb_contact_0_phone_3\" class=\"input\" data-required_mark=\"not_required\" data-field_type=\"input\" data-original_id=\"phone\" placeholder=\"Telefonsz\u00e1m\" title=\"\" value=\"\" \/><\/div><div class=\"et_pb_contact_field_4 et_pb_contact_field et_pb_module et_flex_module et_flex_column_24_24 et_flex_column_24_24_tablet et_flex_column_24_24_phone\" data-id=\"message\" data-type=\"text\"><label class=\"et_pb_contact_form_label\" for=\"et_pb_contact_0_message_4\">\u00dczenet<\/label><textarea name=\"et_pb_contact_0_message_4\" id=\"et_pb_contact_0_message_4\" class=\"et_pb_contact_message input\" data-required_mark=\"required\" data-field_type=\"text\" data-original_id=\"message\" placeholder=\"\u00dczenet\"><\/textarea><\/div><input type=\"hidden\" name=\"et_pb_contactform_submit_7067d836e5cc6b8d0df5f1ee01accc26\" value=\"et_contact_proccess\" \/><div class=\"et_contact_bottom_container\"><div class=\"et_pb_button_wrapper\"><button type=\"submit\" name=\"et_builder_submit_button\" class=\"et_pb_button et_pb_contact_submit\">K\u00fcld\u00e9s<\/button><\/div><\/div><input type=\"hidden\" id=\"_wpnonce-et-pb-contact-form-submitted-7067d836e5cc6b8d0df5f1ee01accc26\" name=\"_wpnonce-et-pb-contact-form-submitted-7067d836e5cc6b8d0df5f1ee01accc26\" value=\"015a4c3dae\" \/><input type=\"hidden\" name=\"_wp_http_referer\" value=\"\/hu\/wp-json\/wp\/v2\/pages\/987502226\" \/><\/form><\/div><\/div><\/div><div class=\"et_pb_column_9 et_pb_column et-last-child et_flex_column et_pb_css_mix_blend_mode_passthrough et_flex_column_12_24 et_flex_column_12_24_tablet et_flex_column_24_24_phone\"><div class=\"et_pb_image_2 et_pb_image et_pb_module et_flex_module\"><span class=\"et_pb_image_wrap\"><img loading=\"lazy\" decoding=\"async\" src=\"https:\/\/landhausungarn.com\/wp-content\/uploads\/2026\/02\/landhaus_logo_bg.png\" title=\"landhaus_logo_bg\" width=\"916\" height=\"466\" srcset=\"https:\/\/landhausungarn.com\/wp-content\/uploads\/2026\/02\/landhaus_logo_bg.png 916w, https:\/\/landhausungarn.com\/wp-content\/uploads\/2026\/02\/landhaus_logo_bg-480x244.png 480w\" sizes=\"(min-width: 0px) and (max-width: 480px) 480px, (min-width: 481px) 916px, 100vw\" class=\"wp-image-175\" \/><\/span><\/div><\/div><\/div>\n<\/div>\n\n<div class=\"et_pb_section_3 et_pb_section et_section_regular et_block_section\"><div class=\"et_pb_row_7 et_pb_row et_block_row\"><div class=\"et_pb_column_10 et_pb_column et_pb_column_1_2 et_block_column et_pb_css_mix_blend_mode_passthrough\"><div class=\"et_pb_blurb_0 et_pb_blurb et_pb_bg_layout_dark et_pb_blurb_position_left et_pb_module et_block_module\"><div class=\"et_pb_blurb_content\"><div class=\"et_pb_main_blurb_image\"><span class=\"et_pb_image_wrap\"><span class=\"et-pb-icon et-waypoint et_pb_animation_top et_pb_animation_top_tablet et_pb_animation_top_phone\">\ue090<\/span><\/span><\/div><div class=\"et_pb_blurb_container\"><h4 class=\"et_pb_module_header\">Telefonsz\u00e1m<\/h4><div class=\"et_pb_blurb_description\"><p><a href=\"tel:+36706011010\">+36 70 601 10 10<\/a><\/p>\n<\/div><\/div><\/div><\/div><div class=\"et_pb_blurb_1 et_pb_blurb et_pb_bg_layout_dark et_pb_blurb_position_left et_pb_module et_block_module\"><div class=\"et_pb_blurb_content\"><div class=\"et_pb_main_blurb_image\"><span class=\"et_pb_image_wrap\"><span class=\"et-pb-icon et-waypoint et_pb_animation_top et_pb_animation_top_tablet et_pb_animation_top_phone\">\uf0e0<\/span><\/span><\/div><div class=\"et_pb_blurb_container\"><h4 class=\"et_pb_module_header\">Email<\/h4><div class=\"et_pb_blurb_description\"><p><a href=\"mailto:info@landhausungarn.com\">info@landhausungarn.com<\/a><\/p>\n<\/div><\/div><\/div><\/div><\/div><div class=\"et_pb_column_11 et_pb_column et_pb_column_1_2 et-last-child et_block_column et_pb_column_empty et_pb_css_mix_blend_mode_passthrough\"><\/div><\/div><\/div>","protected":false},"excerpt":{"rendered":"","protected":false},"author":1,"featured_media":0,"parent":345,"menu_order":0,"comment_status":"closed","ping_status":"closed","template":"","meta":{"_acf_changed":false,"footnotes":""},"class_list":["post-987502226","page","type-page","status-publish","hentry"],"acf":[],"_links":{"self":[{"href":"https:\/\/landhausungarn.com\/hu\/wp-json\/wp\/v2\/pages\/987502226","targetHints":{"allow":["GET"]}}],"collection":[{"href":"https:\/\/landhausungarn.com\/hu\/wp-json\/wp\/v2\/pages"}],"about":[{"href":"https:\/\/landhausungarn.com\/hu\/wp-json\/wp\/v2\/types\/page"}],"author":[{"embeddable":true,"href":"https:\/\/landhausungarn.com\/hu\/wp-json\/wp\/v2\/users\/1"}],"replies":[{"embeddable":true,"href":"https:\/\/landhausungarn.com\/hu\/wp-json\/wp\/v2\/comments?post=987502226"}],"version-history":[{"count":6,"href":"https:\/\/landhausungarn.com\/hu\/wp-json\/wp\/v2\/pages\/987502226\/revisions"}],"predecessor-version":[{"id":987502244,"href":"https:\/\/landhausungarn.com\/hu\/wp-json\/wp\/v2\/pages\/987502226\/revisions\/987502244"}],"up":[{"embeddable":true,"href":"https:\/\/landhausungarn.com\/hu\/wp-json\/wp\/v2\/pages\/345"}],"wp:attachment":[{"href":"https:\/\/landhausungarn.com\/hu\/wp-json\/wp\/v2\/media?parent=987502226"}],"curies":[{"name":"wp","href":"https:\/\/api.w.org\/{rel}","templated":true}]}}